{"id":1623,"date":"2022-06-09T09:18:53","date_gmt":"2022-06-09T09:18:53","guid":{"rendered":"https:\/\/dpgsv.regiohealth.net\/?page_id=1623"},"modified":"2026-04-28T08:13:31","modified_gmt":"2026-04-28T08:13:31","slug":"1623-2","status":"publish","type":"page","link":"https:\/\/dpgsv.de\/pl\/1623-2\/","title":{"rendered":"Projekty"},"content":{"rendered":"<div data-elementor-type=\"wp-page\" data-elementor-id=\"1623\" class=\"elementor elementor-1623\">\n\t\t\t\t\t\t<section class=\"elementor-section elementor-top-section elementor-element elementor-element-4a91500 elementor-section-boxed elementor-section-height-default elementor-section-height-default\" data-id=\"4a91500\" data-element_type=\"section\" data-e-type=\"section\">\n\t\t\t\t\t\t<div class=\"elementor-container elementor-column-gap-default\">\n\t\t\t\t\t<div class=\"elementor-column elementor-col-100 elementor-top-column elementor-element elementor-element-9587d98\" data-id=\"9587d98\" data-element_type=\"column\" data-e-type=\"column\">\n\t\t\t<div class=\"elementor-widget-wrap elementor-element-populated\">\n\t\t\t\t\t\t<div class=\"elementor-element elementor-element-ad813c6 elementor-widget elementor-widget-heading\" data-id=\"ad813c6\" data-element_type=\"widget\" data-e-type=\"widget\" data-widget_type=\"heading.default\">\n\t\t\t\t<div class=\"elementor-widget-container\">\n\t\t\t\t\t<h2 class=\"elementor-heading-title elementor-size-medium\">Aktuelle Projekte<br><br><\/h2>\t\t\t\t<\/div>\n\t\t\t\t<\/div>\n\t\t\t\t\t<\/div>\n\t\t<\/div>\n\t\t\t\t\t<\/div>\n\t\t<\/section>\n\t\t\t\t<section class=\"elementor-section elementor-top-section elementor-element elementor-element-8e3d1f4 elementor-section-boxed elementor-section-height-default elementor-section-height-default\" data-id=\"8e3d1f4\" data-element_type=\"section\" data-e-type=\"section\">\n\t\t\t\t\t\t<div class=\"elementor-container elementor-column-gap-default\">\n\t\t\t\t\t<div class=\"elementor-column elementor-col-100 elementor-top-column elementor-element elementor-element-1312188\" data-id=\"1312188\" data-element_type=\"column\" data-e-type=\"column\">\n\t\t\t<div class=\"elementor-widget-wrap elementor-element-populated\">\n\t\t\t\t\t\t<div class=\"elementor-element elementor-element-2979012 elementor-widget elementor-widget-text-editor\" data-id=\"2979012\" data-element_type=\"widget\" data-e-type=\"widget\" data-widget_type=\"text-editor.default\">\n\t\t\t\t<div class=\"elementor-widget-container\">\n\t\t\t\t\t\t\t\t\t<p style=\"text-align: center;\"><span style=\"color: #000000;\">Werkstattprojekt<strong> &#8222;Ko-Kreative Grundlegung zur Entwicklung einer Deutsch-Polnischen Gesundheitsregion &#8211; AGEPol&#8220;<\/strong><\/span><\/p>\n<p style=\"text-align: left;\"><span style=\"color: #000000;\">Der DPGSV e.V. f\u00fchrt vom 01.03.2026 bis 28.02.2028 ein zweij\u00e4hriges Werkstattprojekt zur <strong>&#8222;Ko-Kreativen Grundlegung zur Entwicklung einer Deutsch-Polnischen Gesundheitsregion &#8211; AGEPol&#8220;<\/strong> in Zusammenarbeit mit der Brandenburg-Technischen Universit\u00e4t Cottbus-Senftenberg (BTU), Fachbereich Soziale Arbeit, durch.&nbsp;<\/span><\/p>\n<p style=\"text-align: left;\"><span style=\"color: #000000;\">Dieses Werkstattprojekt ist Teil des T-Raum-Projektes &#8222;<span style=\"text-decoration: underline;\"><a href=\"https:\/\/alterperimentale.de\"><strong>AlterPerimentale<\/strong><\/a><\/span>&#8222;, dessen Fokus &#8222;s<\/span><span style=\"color: #000000;\">oziotechnische Innovationen und sozialr\u00e4umliche Experimente zur<\/span> <span style=\"color: #000000;\">Verbesserung der Lebensqualit\u00e4t \u00e4lterer Menschen in der deutsch-polnischen <\/span><span style=\"color: #000000;\">Grenzregion&#8220; sind. Das Werkstattprojekt wird vom Bundesministerium f\u00fcr Forschung, Technologie und Raumfahrt gef\u00f6rdert.<\/span><\/p>\n<p><span style=\"color: #000000;\">Aktuelle Informationen und Termine &nbsp;zum AGEPol-Werkstattprojekt sind&nbsp;<span style=\"color: #ff0000;\"><strong><a style=\"color: #ff0000;\" href=\"https:\/\/alterperimentale.de\/werkstattprojekte\/agepol\/\" target=\"_blank\" rel=\"noopener\"><u>hier<\/u><\/a><\/strong><\/span>&nbsp;zu finden.<\/span><\/p>\t\t\t\t\t\t\t\t<\/div>\n\t\t\t\t<\/div>\n\t\t\t\t<div class=\"elementor-element elementor-element-adec00c elementor-widget-divider--view-line elementor-widget elementor-widget-divider\" data-id=\"adec00c\" data-element_type=\"widget\" data-e-type=\"widget\" data-widget_type=\"divider.default\">\n\t\t\t\t<div class=\"elementor-widget-container\">\n\t\t\t\t\t\t\t<div class=\"elementor-divider\">\n\t\t\t<span class=\"elementor-divider-separator\">\n\t\t\t\t\t\t<\/span>\n\t\t<\/div>\n\t\t\t\t\t\t<\/div>\n\t\t\t\t<\/div>\n\t\t\t\t\t<\/div>\n\t\t<\/div>\n\t\t\t\t\t<\/div>\n\t\t<\/section>\n\t\t\t\t<section class=\"elementor-section elementor-top-section elementor-element elementor-element-124152f elementor-section-boxed elementor-section-height-default elementor-section-height-default\" data-id=\"124152f\" data-element_type=\"section\" data-e-type=\"section\">\n\t\t\t\t\t\t<div class=\"elementor-container elementor-column-gap-default\">\n\t\t\t\t\t<div class=\"elementor-column elementor-col-100 elementor-top-column elementor-element elementor-element-98fe38c\" data-id=\"98fe38c\" data-element_type=\"column\" data-e-type=\"column\">\n\t\t\t<div class=\"elementor-widget-wrap elementor-element-populated\">\n\t\t\t\t\t\t<div class=\"elementor-element elementor-element-04c624d elementor-widget elementor-widget-html\" data-id=\"04c624d\" data-element_type=\"widget\" data-e-type=\"widget\" data-widget_type=\"html.default\">\n\t\t\t\t<div class=\"elementor-widget-container\">\n\t\t\t\t\t<iframe \n  src=\"https:\/\/alterperimentale.de\/neuigkeiten\/veranstaltungen\/\" \n  width=\"100%\" \n  height=\"1200\" \n  style=\"border:none;\">\n<\/iframe>\t\t\t\t<\/div>\n\t\t\t\t<\/div>\n\t\t\t\t<div class=\"elementor-element elementor-element-2c39ef9 elementor-widget-divider--view-line elementor-widget elementor-widget-divider\" data-id=\"2c39ef9\" data-element_type=\"widget\" data-e-type=\"widget\" data-widget_type=\"divider.default\">\n\t\t\t\t<div class=\"elementor-widget-container\">\n\t\t\t\t\t\t\t<div class=\"elementor-divider\">\n\t\t\t<span class=\"elementor-divider-separator\">\n\t\t\t\t\t\t<\/span>\n\t\t<\/div>\n\t\t\t\t\t\t<\/div>\n\t\t\t\t<\/div>\n\t\t\t\t\t<\/div>\n\t\t<\/div>\n\t\t\t\t\t<\/div>\n\t\t<\/section>\n\t\t\t\t<section class=\"elementor-section elementor-top-section elementor-element elementor-element-c2122af elementor-section-boxed elementor-section-height-default elementor-section-height-default\" data-id=\"c2122af\" data-element_type=\"section\" data-e-type=\"section\">\n\t\t\t\t\t\t<div class=\"elementor-container elementor-column-gap-default\">\n\t\t\t\t\t<div class=\"elementor-column elementor-col-100 elementor-top-column elementor-element elementor-element-8f095f4\" data-id=\"8f095f4\" data-element_type=\"column\" data-e-type=\"column\">\n\t\t\t<div class=\"elementor-widget-wrap elementor-element-populated\">\n\t\t\t\t\t\t<div class=\"elementor-element elementor-element-b48d38b elementor-widget elementor-widget-spacer\" data-id=\"b48d38b\" data-element_type=\"widget\" data-e-type=\"widget\" data-widget_type=\"spacer.default\">\n\t\t\t\t<div class=\"elementor-widget-container\">\n\t\t\t\t\t\t\t<div class=\"elementor-spacer\">\n\t\t\t<div class=\"elementor-spacer-inner\"><\/div>\n\t\t<\/div>\n\t\t\t\t\t\t<\/div>\n\t\t\t\t<\/div>\n\t\t\t\t<div class=\"elementor-element elementor-element-c8c95ba elementor-widget elementor-widget-text-editor\" data-id=\"c8c95ba\" data-element_type=\"widget\" data-e-type=\"widget\" data-widget_type=\"text-editor.default\">\n\t\t\t\t<div class=\"elementor-widget-container\">\n\t\t\t\t\t\t\t\t\t<p style=\"text-align: center;\"><span id=\"docs-internal-guid-4497ab4e-7fff-ff43-c884-ca71219522b7\" style=\"font-weight: normal;\"><span style=\"font-size: 12pt; font-family: Calibri, sans-serif; color: #000000; background-color: transparent; font-weight: 400; font-style: normal; font-variant: normal; white-space: pre-wrap;\">\u201e<\/span><span style=\"font-size: 12pt; font-family: Calibri, sans-serif; color: #000000; background-color: transparent; font-weight: bold; font-style: normal; font-variant: normal; white-space: pre-wrap;\">Vorbereitung zum Aufbau einer Deutsch-Polnischen Gesundheits- und Sozialakademie DPGSA e.V.&#8220;<\/span><\/span><\/p>\t\t\t\t\t\t\t\t<\/div>\n\t\t\t\t<\/div>\n\t\t\t\t\t<\/div>\n\t\t<\/div>\n\t\t\t\t\t<\/div>\n\t\t<\/section>\n\t\t\t\t<section class=\"elementor-section elementor-top-section elementor-element elementor-element-c0ecbc6 elementor-section-boxed elementor-section-height-default elementor-section-height-default\" data-id=\"c0ecbc6\" data-element_type=\"section\" data-e-type=\"section\">\n\t\t\t\t\t\t<div class=\"elementor-container elementor-column-gap-default\">\n\t\t\t\t\t<div class=\"elementor-column elementor-col-100 elementor-top-column elementor-element elementor-element-6e862dc\" data-id=\"6e862dc\" data-element_type=\"column\" data-e-type=\"column\">\n\t\t\t<div class=\"elementor-widget-wrap elementor-element-populated\">\n\t\t\t\t\t\t<div class=\"elementor-element elementor-element-f33420f elementor-widget elementor-widget-text-editor\" data-id=\"f33420f\" data-element_type=\"widget\" data-e-type=\"widget\" data-widget_type=\"text-editor.default\">\n\t\t\t\t<div class=\"elementor-widget-container\">\n\t\t\t\t\t\t\t\t\t<section class=\"elementor-section elementor-top-section elementor-element elementor-element-4c43237 elementor-section-boxed elementor-section-height-default elementor-section-height-default\" data-id=\"4c43237\" data-element_type=\"section\"><div class=\"elementor-container elementor-column-gap-default\"><div class=\"elementor-column elementor-col-100 elementor-top-column elementor-element elementor-element-8a1125a\" data-id=\"8a1125a\" data-element_type=\"column\"><div class=\"elementor-widget-wrap elementor-element-populated\"><div class=\"elementor-element elementor-element-fd3e296 elementor-widget elementor-widget-text-editor\" data-id=\"fd3e296\" data-element_type=\"widget\" data-widget_type=\"text-editor.default\"><div class=\"elementor-widget-container\"><p>integracja oraz transfer know-how w dziedzinach zdrowia i spraw spo\u0142ecznych na rzecz wsp\u00f3lnej perspektywy przysz\u0142o\u015bci w polsko-niemieckim obszarze przygranicznym, poprzez:\u00a0<\/p><\/div><\/div><\/div><\/div><\/div><\/section>\t\t\t\t\t\t\t\t<\/div>\n\t\t\t\t<\/div>\n\t\t\t\t\t<\/div>\n\t\t<\/div>\n\t\t\t\t\t<\/div>\n\t\t<\/section>\n\t\t\t\t<section class=\"elementor-section elementor-top-section elementor-element elementor-element-9608ffe elementor-section-boxed elementor-section-height-default elementor-section-height-default\" data-id=\"9608ffe\" data-element_type=\"section\" data-e-type=\"section\">\n\t\t\t\t\t\t<div class=\"elementor-container elementor-column-gap-default\">\n\t\t\t\t\t<div class=\"elementor-column elementor-col-50 elementor-top-column elementor-element elementor-element-ad145f9\" data-id=\"ad145f9\" data-element_type=\"column\" data-e-type=\"column\">\n\t\t\t<div class=\"elementor-widget-wrap elementor-element-populated\">\n\t\t\t\t\t\t<div class=\"elementor-element elementor-element-b1a638b elementor-widget elementor-widget-text-editor\" data-id=\"b1a638b\" data-element_type=\"widget\" data-e-type=\"widget\" data-widget_type=\"text-editor.default\">\n\t\t\t\t<div class=\"elementor-widget-container\">\n\t\t\t\t\t\t\t\t\t<ul><li><span style=\"font-weight: 400;\">prowadzony dwuj\u0119zycznie proces nabywania kwalifikacji: kszta\u0142cenia, specjalizacji, szkole\u0144 uzupe\u0142niaj\u0105cych, ze szczeg\u00f3lnym naciskiem na formy kszta\u0142cenia uzupe\u0142niaj\u0105cego, takie jak kursy j\u0119zykowe lub rozwijaj\u0105ce kompetencj\u0119 interkulturow\u0105<\/span><\/li><\/ul>\t\t\t\t\t\t\t\t<\/div>\n\t\t\t\t<\/div>\n\t\t\t\t\t<\/div>\n\t\t<\/div>\n\t\t\t\t<div class=\"elementor-column elementor-col-50 elementor-top-column elementor-element elementor-element-58c8d4c\" data-id=\"58c8d4c\" data-element_type=\"column\" data-e-type=\"column\">\n\t\t\t<div class=\"elementor-widget-wrap elementor-element-populated\">\n\t\t\t\t\t\t<div class=\"elementor-element elementor-element-39df91d elementor-widget elementor-widget-text-editor\" data-id=\"39df91d\" data-element_type=\"widget\" data-e-type=\"widget\" data-widget_type=\"text-editor.default\">\n\t\t\t\t<div class=\"elementor-widget-container\">\n\t\t\t\t\t\t\t\t\t<ul><li style=\"font-weight: 400;\" aria-level=\"1\"><span style=\"font-weight: 400;\">doradztwo, seminaria, warsztaty i sympozja z zakresu promocji zdrowia na szczeblu region\u00f3w i samorz\u0105d\u00f3w w polsko-niemieckim obszarze przygranicznym<\/span><\/li><\/ul>\t\t\t\t\t\t\t\t<\/div>\n\t\t\t\t<\/div>\n\t\t\t\t\t<\/div>\n\t\t<\/div>\n\t\t\t\t\t<\/div>\n\t\t<\/section>\n\t\t\t\t<section class=\"elementor-section elementor-top-section elementor-element elementor-element-09191bf elementor-section-boxed elementor-section-height-default elementor-section-height-default\" data-id=\"09191bf\" data-element_type=\"section\" data-e-type=\"section\">\n\t\t\t\t\t\t<div class=\"elementor-container elementor-column-gap-default\">\n\t\t\t\t\t<div class=\"elementor-column elementor-col-50 elementor-top-column elementor-element elementor-element-306632c\" data-id=\"306632c\" data-element_type=\"column\" data-e-type=\"column\">\n\t\t\t<div class=\"elementor-widget-wrap elementor-element-populated\">\n\t\t\t\t\t\t<div class=\"elementor-element elementor-element-af1b5cb elementor-widget elementor-widget-text-editor\" data-id=\"af1b5cb\" data-element_type=\"widget\" data-e-type=\"widget\" data-widget_type=\"text-editor.default\">\n\t\t\t\t<div class=\"elementor-widget-container\">\n\t\t\t\t\t\t\t\t\t<ul><li style=\"font-weight: 400;\" aria-level=\"1\"><span style=\"font-weight: 400;\">stworzenie sieci powi\u0105za\u0144 mi\u0119dzy podmiotami z sektora zdrowia i spraw spo\u0142ecznych, jak i rozw\u00f3j kooperacji<\/span><\/li><\/ul>\t\t\t\t\t\t\t\t<\/div>\n\t\t\t\t<\/div>\n\t\t\t\t\t<\/div>\n\t\t<\/div>\n\t\t\t\t<div class=\"elementor-column elementor-col-50 elementor-top-column elementor-element elementor-element-5dfc6ec\" data-id=\"5dfc6ec\" data-element_type=\"column\" data-e-type=\"column\">\n\t\t\t<div class=\"elementor-widget-wrap elementor-element-populated\">\n\t\t\t\t\t\t<div class=\"elementor-element elementor-element-7b10106 elementor-widget elementor-widget-text-editor\" data-id=\"7b10106\" data-element_type=\"widget\" data-e-type=\"widget\" data-widget_type=\"text-editor.default\">\n\t\t\t\t<div class=\"elementor-widget-container\">\n\t\t\t\t\t\t\t\t\t<ul><li style=\"font-weight: 400;\" aria-level=\"1\"><span style=\"font-weight: 400;\">oferty kszta\u0142cenia i wsp\u00f3\u0142pracy dla lokalnych spo\u0142eczno\u015bci oraz podmiot\u00f3w gospodarczych w obszarze zdrowia i spraw spo\u0142ecznych w polsko-niemieckim obszarze przygranicznym, jak i ponadregionalnie<\/span><\/li><\/ul>\t\t\t\t\t\t\t\t<\/div>\n\t\t\t\t<\/div>\n\t\t\t\t\t<\/div>\n\t\t<\/div>\n\t\t\t\t\t<\/div>\n\t\t<\/section>\n\t\t\t\t<section class=\"elementor-section elementor-top-section elementor-element elementor-element-c6ba1d5 elementor-section-boxed elementor-section-height-default elementor-section-height-default\" data-id=\"c6ba1d5\" data-element_type=\"section\" data-e-type=\"section\">\n\t\t\t\t\t\t<div class=\"elementor-container elementor-column-gap-default\">\n\t\t\t\t\t<div class=\"elementor-column elementor-col-50 elementor-top-column elementor-element elementor-element-9523d21\" data-id=\"9523d21\" data-element_type=\"column\" data-e-type=\"column\">\n\t\t\t<div class=\"elementor-widget-wrap elementor-element-populated\">\n\t\t\t\t\t\t<div class=\"elementor-element elementor-element-6e99cc9 elementor-widget elementor-widget-text-editor\" data-id=\"6e99cc9\" data-element_type=\"widget\" data-e-type=\"widget\" data-widget_type=\"text-editor.default\">\n\t\t\t\t<div class=\"elementor-widget-container\">\n\t\t\t\t\t\t\t\t\t<ul><li style=\"font-weight: 400;\" aria-level=\"1\"><span style=\"font-weight: 400;\">stworzenie przestrzeni eksperymentalnej dla polsko-niemieckich bada\u0144 pilota\u017cowych<\/span><\/li><\/ul>\t\t\t\t\t\t\t\t<\/div>\n\t\t\t\t<\/div>\n\t\t\t\t\t<\/div>\n\t\t<\/div>\n\t\t\t\t<div class=\"elementor-column elementor-col-50 elementor-top-column elementor-element elementor-element-8e70afb\" data-id=\"8e70afb\" data-element_type=\"column\" data-e-type=\"column\">\n\t\t\t<div class=\"elementor-widget-wrap elementor-element-populated\">\n\t\t\t\t\t\t<div class=\"elementor-element elementor-element-8098ee2 elementor-widget elementor-widget-text-editor\" data-id=\"8098ee2\" data-element_type=\"widget\" data-e-type=\"widget\" data-widget_type=\"text-editor.default\">\n\t\t\t\t<div class=\"elementor-widget-container\">\n\t\t\t\t\t\t\t\t\t<ul><li style=\"font-weight: 400;\" aria-level=\"1\"><span style=\"font-weight: 400;\">zarz\u0105dzanie wiedz\u0105 w polsko-niemieckim obszarze przygranicznym i dalszy rozw\u00f3j istotnych zagadnie\u0144, w tym dodefiniowanie potrzeb oraz towarzyszenie wspieraj\u0105ce wzgl\u0119dem instytucji i spo\u0142eczno\u015bci\u00a0<\/span><\/li><\/ul>\t\t\t\t\t\t\t\t<\/div>\n\t\t\t\t<\/div>\n\t\t\t\t\t<\/div>\n\t\t<\/div>\n\t\t\t\t\t<\/div>\n\t\t<\/section>\n\t\t\t\t<section class=\"elementor-section elementor-top-section elementor-element elementor-element-6bcedc6 elementor-section-boxed elementor-section-height-default elementor-section-height-default\" data-id=\"6bcedc6\" data-element_type=\"section\" data-e-type=\"section\">\n\t\t\t\t\t\t<div class=\"elementor-container elementor-column-gap-default\">\n\t\t\t\t\t<div class=\"elementor-column elementor-col-100 elementor-top-column elementor-element elementor-element-817c81b\" data-id=\"817c81b\" data-element_type=\"column\" data-e-type=\"column\">\n\t\t\t<div class=\"elementor-widget-wrap elementor-element-populated\">\n\t\t\t\t\t\t<div class=\"elementor-element elementor-element-ceb4e04 elementor-widget elementor-widget-image\" data-id=\"ceb4e04\" data-element_type=\"widget\" data-e-type=\"widget\" data-widget_type=\"image.default\">\n\t\t\t\t<div class=\"elementor-widget-container\">\n\t\t\t\t\t\t\t\t\t\t\t\t\t\t\t<img fetchpriority=\"high\" decoding=\"async\" width=\"642\" height=\"482\" src=\"https:\/\/dpgsv.de\/wp-content\/uploads\/2026\/04\/wrfffwrfefw-1024x768.png\" class=\"attachment-large size-large wp-image-2338\" alt=\"\" srcset=\"https:\/\/dpgsv.de\/wp-content\/uploads\/2026\/04\/wrfffwrfefw-1024x768.png 1024w, https:\/\/dpgsv.de\/wp-content\/uploads\/2026\/04\/wrfffwrfefw-300x225.png 300w, https:\/\/dpgsv.de\/wp-content\/uploads\/2026\/04\/wrfffwrfefw-768x576.png 768w, https:\/\/dpgsv.de\/wp-content\/uploads\/2026\/04\/wrfffwrfefw-16x12.png 16w, https:\/\/dpgsv.de\/wp-content\/uploads\/2026\/04\/wrfffwrfefw.png 1333w\" sizes=\"(max-width: 642px) 100vw, 642px\" \/>\t\t\t\t\t\t\t\t\t\t\t\t\t\t\t<\/div>\n\t\t\t\t<\/div>\n\t\t\t\t\t<\/div>\n\t\t<\/div>\n\t\t\t\t\t<\/div>\n\t\t<\/section>\n\t\t\t\t<\/div>","protected":false},"excerpt":{"rendered":"<p>Aktuelle Projekte Werkstattprojekt &#8222;Ko-Kreative Grundlegung zur Entwicklung einer Deutsch-Polnischen Gesundheitsregion &#8211; AGEPol&#8220; Der DPGSV e.V. f\u00fchrt vom 01.03.2026 bis 28.02.2028 ein zweij\u00e4hriges Werkstattprojekt zur &#8222;Ko-Kreativen Grundlegung zur Entwicklung einer Deutsch-Polnischen Gesundheitsregion &#8211; AGEPol&#8220; in Zusammenarbeit mit der Brandenburg-Technischen Universit\u00e4t Cottbus-Senftenberg<\/p>","protected":false},"author":1,"featured_media":0,"parent":0,"menu_order":0,"comment_status":"closed","ping_status":"closed","template":"","meta":{"footnotes":""},"class_list":["post-1623","page","type-page","status-publish","hentry"],"_links":{"self":[{"href":"https:\/\/dpgsv.de\/pl\/wp-json\/wp\/v2\/pages\/1623","targetHints":{"allow":["GET"]}}],"collection":[{"href":"https:\/\/dpgsv.de\/pl\/wp-json\/wp\/v2\/pages"}],"about":[{"href":"https:\/\/dpgsv.de\/pl\/wp-json\/wp\/v2\/types\/page"}],"author":[{"embeddable":true,"href":"https:\/\/dpgsv.de\/pl\/wp-json\/wp\/v2\/users\/1"}],"replies":[{"embeddable":true,"href":"https:\/\/dpgsv.de\/pl\/wp-json\/wp\/v2\/comments?post=1623"}],"version-history":[{"count":54,"href":"https:\/\/dpgsv.de\/pl\/wp-json\/wp\/v2\/pages\/1623\/revisions"}],"predecessor-version":[{"id":2359,"href":"https:\/\/dpgsv.de\/pl\/wp-json\/wp\/v2\/pages\/1623\/revisions\/2359"}],"wp:attachment":[{"href":"https:\/\/dpgsv.de\/pl\/wp-json\/wp\/v2\/media?parent=1623"}],"curies":[{"name":"wp","href":"https:\/\/api.w.org\/{rel}","templated":true}]}}