{"id":1753,"date":"2022-06-15T20:06:50","date_gmt":"2022-06-15T20:06:50","guid":{"rendered":"https:\/\/dpgsv.regiohealth.net\/?page_id=1753"},"modified":"2022-08-06T13:18:13","modified_gmt":"2022-08-06T13:18:13","slug":"schwerpunkte","status":"publish","type":"page","link":"https:\/\/dpgsv.de\/pl\/schwerpunkte\/","title":{"rendered":"Oferta"},"content":{"rendered":"<div data-elementor-type=\"wp-page\" data-elementor-id=\"1753\" class=\"elementor elementor-1753\">\n\t\t\t\t\t\t<section class=\"elementor-section elementor-top-section elementor-element elementor-element-44dc5ef elementor-section-boxed elementor-section-height-default elementor-section-height-default\" data-id=\"44dc5ef\" data-element_type=\"section\" data-e-type=\"section\">\n\t\t\t\t\t\t<div class=\"elementor-container elementor-column-gap-default\">\n\t\t\t\t\t<div class=\"elementor-column elementor-col-100 elementor-top-column elementor-element elementor-element-dcb91b3\" data-id=\"dcb91b3\" data-element_type=\"column\" data-e-type=\"column\">\n\t\t\t<div class=\"elementor-widget-wrap elementor-element-populated\">\n\t\t\t\t\t\t<div class=\"elementor-element elementor-element-37d4dcf elementor-widget elementor-widget-heading\" data-id=\"37d4dcf\" data-element_type=\"widget\" data-e-type=\"widget\" data-widget_type=\"heading.default\">\n\t\t\t\t<div class=\"elementor-widget-container\">\n\t\t\t\t\t<h2 class=\"elementor-heading-title elementor-size-medium\">Oferta<\/h2>\t\t\t\t<\/div>\n\t\t\t\t<\/div>\n\t\t\t\t<div class=\"elementor-element elementor-element-8277984 elementor-widget elementor-widget-text-editor\" data-id=\"8277984\" data-element_type=\"widget\" data-e-type=\"widget\" data-widget_type=\"text-editor.default\">\n\t\t\t\t<div class=\"elementor-widget-container\">\n\t\t\t\t\t\t\t\t\t<p><span style=\"font-weight: 400;\">Tworzymy kooperacje lub doradzamy przy ich powstawaniu, organizujemy wymian\u0119 personelu, przeprowadzamy sympozja i konferencje, jeste\u015bmy aktywni w ramach kongres\u00f3w i operujemy jako podmiot partnerski, wyspecjalizowany w kwestiach zdrowia i polityki spo\u0142ecznej, w kontek\u015bcie polsko-niemieckim.<\/span><\/p>\t\t\t\t\t\t\t\t<\/div>\n\t\t\t\t<\/div>\n\t\t\t\t<div class=\"elementor-element elementor-element-9011891 elementor-widget-divider--view-line elementor-widget elementor-widget-divider\" data-id=\"9011891\" data-element_type=\"widget\" data-e-type=\"widget\" data-widget_type=\"divider.default\">\n\t\t\t\t<div class=\"elementor-widget-container\">\n\t\t\t\t\t\t\t<div class=\"elementor-divider\">\n\t\t\t<span class=\"elementor-divider-separator\">\n\t\t\t\t\t\t<\/span>\n\t\t<\/div>\n\t\t\t\t\t\t<\/div>\n\t\t\t\t<\/div>\n\t\t\t\t\t<\/div>\n\t\t<\/div>\n\t\t\t\t\t<\/div>\n\t\t<\/section>\n\t\t\t\t<section class=\"elementor-section elementor-top-section elementor-element elementor-element-765e886 elementor-section-boxed elementor-section-height-default elementor-section-height-default\" data-id=\"765e886\" data-element_type=\"section\" data-e-type=\"section\">\n\t\t\t\t\t\t<div class=\"elementor-container elementor-column-gap-default\">\n\t\t\t\t\t<div class=\"elementor-column elementor-col-100 elementor-top-column elementor-element elementor-element-770e18c\" data-id=\"770e18c\" data-element_type=\"column\" data-e-type=\"column\">\n\t\t\t<div class=\"elementor-widget-wrap elementor-element-populated\">\n\t\t\t\t\t\t<div class=\"elementor-element elementor-element-defe09c elementor-widget elementor-widget-text-editor\" data-id=\"defe09c\" data-element_type=\"widget\" data-e-type=\"widget\" data-widget_type=\"text-editor.default\">\n\t\t\t\t<div class=\"elementor-widget-container\">\n\t\t\t\t\t\t\t\t\t<p style=\"text-align: center;\"><span style=\"font-weight: 400;\">Nasze zaanga\u017cowanie skoncentrowane jest wok\u00f3\u0142 nast\u0119puj\u0105cych zagadnie\u0144:\u00a0<\/span><\/p>\t\t\t\t\t\t\t\t<\/div>\n\t\t\t\t<\/div>\n\t\t\t\t\t<\/div>\n\t\t<\/div>\n\t\t\t\t\t<\/div>\n\t\t<\/section>\n\t\t\t\t<section class=\"elementor-section elementor-top-section elementor-element elementor-element-075eb52 elementor-section-boxed elementor-section-height-default elementor-section-height-default\" data-id=\"075eb52\" data-element_type=\"section\" data-e-type=\"section\">\n\t\t\t\t\t\t<div class=\"elementor-container elementor-column-gap-default\">\n\t\t\t\t\t<div class=\"elementor-column elementor-col-50 elementor-top-column elementor-element elementor-element-2ef433e\" data-id=\"2ef433e\" data-element_type=\"column\" data-e-type=\"column\">\n\t\t\t<div class=\"elementor-widget-wrap elementor-element-populated\">\n\t\t\t\t\t\t<div class=\"elementor-element elementor-element-d45dc4a elementor-widget elementor-widget-text-editor\" data-id=\"d45dc4a\" data-element_type=\"widget\" data-e-type=\"widget\" data-widget_type=\"text-editor.default\">\n\t\t\t\t<div class=\"elementor-widget-container\">\n\t\t\t\t\t\t\t\t\t<ul><li><span style=\"font-size: 16px; font-weight: 400; color: var( --e-global-color-text );\">sprzyjaj\u0105ce zdrowiu \u015brodowiska codziennego funkcjonowania (Gesunde Lebenswelten) oraz ponadgraniczna wsp\u00f3\u0142praca pomi\u0119dzy spo\u0142eczno\u015bciami i podmiotami gospodarczymi w zakresie prewencji zdrowotnej<\/span><\/li><\/ul>\t\t\t\t\t\t\t\t<\/div>\n\t\t\t\t<\/div>\n\t\t\t\t\t<\/div>\n\t\t<\/div>\n\t\t\t\t<div class=\"elementor-column elementor-col-50 elementor-top-column elementor-element elementor-element-9c8c7bb\" data-id=\"9c8c7bb\" data-element_type=\"column\" data-e-type=\"column\">\n\t\t\t<div class=\"elementor-widget-wrap elementor-element-populated\">\n\t\t\t\t\t\t<div class=\"elementor-element elementor-element-00cdf3a elementor-widget elementor-widget-text-editor\" data-id=\"00cdf3a\" data-element_type=\"widget\" data-e-type=\"widget\" data-widget_type=\"text-editor.default\">\n\t\t\t\t<div class=\"elementor-widget-container\">\n\t\t\t\t\t\t\t\t\t<ul><li><span style=\"font-weight: 400;\">doradztwo skierowane do szpitali oraz podmiot\u00f3w z obszaru rehabilitacji, w zakresie zarz\u0105dzania zmian\u0105 oraz oferty konsultacyjnej<\/span><span style=\"font-weight: 400;\">w dziedzinie opieki<\/span><\/li><\/ul>\t\t\t\t\t\t\t\t<\/div>\n\t\t\t\t<\/div>\n\t\t\t\t\t<\/div>\n\t\t<\/div>\n\t\t\t\t\t<\/div>\n\t\t<\/section>\n\t\t\t\t<section class=\"elementor-section elementor-top-section elementor-element elementor-element-4e8a44e elementor-section-boxed elementor-section-height-default elementor-section-height-default\" data-id=\"4e8a44e\" data-element_type=\"section\" data-e-type=\"section\">\n\t\t\t\t\t\t<div class=\"elementor-container elementor-column-gap-default\">\n\t\t\t\t\t<div class=\"elementor-column elementor-col-100 elementor-top-column elementor-element elementor-element-ea00dc9\" data-id=\"ea00dc9\" data-element_type=\"column\" data-e-type=\"column\">\n\t\t\t<div class=\"elementor-widget-wrap elementor-element-populated\">\n\t\t\t\t\t\t<div class=\"elementor-element elementor-element-019a6fa elementor-widget-divider--view-line elementor-widget elementor-widget-divider\" data-id=\"019a6fa\" data-element_type=\"widget\" data-e-type=\"widget\" data-widget_type=\"divider.default\">\n\t\t\t\t<div class=\"elementor-widget-container\">\n\t\t\t\t\t\t\t<div class=\"elementor-divider\">\n\t\t\t<span class=\"elementor-divider-separator\">\n\t\t\t\t\t\t<\/span>\n\t\t<\/div>\n\t\t\t\t\t\t<\/div>\n\t\t\t\t<\/div>\n\t\t\t\t\t<\/div>\n\t\t<\/div>\n\t\t\t\t\t<\/div>\n\t\t<\/section>\n\t\t\t\t<section class=\"elementor-section elementor-top-section elementor-element elementor-element-598315b elementor-section-boxed elementor-section-height-default elementor-section-height-default\" data-id=\"598315b\" data-element_type=\"section\" data-e-type=\"section\">\n\t\t\t\t\t\t<div class=\"elementor-container elementor-column-gap-default\">\n\t\t\t\t\t<div class=\"elementor-column elementor-col-100 elementor-top-column elementor-element elementor-element-da79f06\" data-id=\"da79f06\" data-element_type=\"column\" data-e-type=\"column\">\n\t\t\t<div class=\"elementor-widget-wrap elementor-element-populated\">\n\t\t\t\t\t\t<div class=\"elementor-element elementor-element-635f612 elementor-widget elementor-widget-text-editor\" data-id=\"635f612\" data-element_type=\"widget\" data-e-type=\"widget\" data-widget_type=\"text-editor.default\">\n\t\t\t\t<div class=\"elementor-widget-container\">\n\t\t\t\t\t\t\t\t\t<p><span style=\"font-weight: 400;\">Polsko-Niemieckie Stowarzyszenie na rzecz Zdrowia i Polityki Spo\u0142ecznej (DPGSV e.V.) doradza r\u00f3wnie\u017c zrzeszonym przedsi\u0119biorcom oraz spo\u0142eczno\u015bciom w zakresie z\u0142o\u017conych zagadnie\u0144 rozwoju ponadgranicznych, sprzyjaj\u0105cych zdrowiu i stabilnych \u015brodowisk codziennego funkcjonowania, w tym miedzy innymi:\u00a0<\/span><\/p>\t\t\t\t\t\t\t\t<\/div>\n\t\t\t\t<\/div>\n\t\t\t\t\t<\/div>\n\t\t<\/div>\n\t\t\t\t\t<\/div>\n\t\t<\/section>\n\t\t\t\t<section class=\"elementor-section elementor-top-section elementor-element elementor-element-e3a9287 elementor-section-boxed elementor-section-height-default elementor-section-height-default\" data-id=\"e3a9287\" data-element_type=\"section\" data-e-type=\"section\">\n\t\t\t\t\t\t<div class=\"elementor-container elementor-column-gap-default\">\n\t\t\t\t\t<div class=\"elementor-column elementor-col-33 elementor-top-column elementor-element elementor-element-f022cd6\" data-id=\"f022cd6\" data-element_type=\"column\" data-e-type=\"column\">\n\t\t\t<div class=\"elementor-widget-wrap elementor-element-populated\">\n\t\t\t\t\t\t<div class=\"elementor-element elementor-element-bdae4e4 elementor-widget elementor-widget-text-editor\" data-id=\"bdae4e4\" data-element_type=\"widget\" data-e-type=\"widget\" data-widget_type=\"text-editor.default\">\n\t\t\t\t<div class=\"elementor-widget-container\">\n\t\t\t\t\t\t\t\t\t<ul><li>rozwoju regionalnych i ponadgranicznych koncepcji promocji zdrowia w ramach program\u00f3w, w tym program\u00f3w grantowych, w celu tworzenia sprzyjaj\u0105cych zdrowiu \u015brodowisk codziennego funkcjonowania (Gesunde Lebenswelten)<\/li><\/ul>\t\t\t\t\t\t\t\t<\/div>\n\t\t\t\t<\/div>\n\t\t\t\t\t<\/div>\n\t\t<\/div>\n\t\t\t\t<div class=\"elementor-column elementor-col-33 elementor-top-column elementor-element elementor-element-ef693ff\" data-id=\"ef693ff\" data-element_type=\"column\" data-e-type=\"column\">\n\t\t\t<div class=\"elementor-widget-wrap elementor-element-populated\">\n\t\t\t\t\t\t<div class=\"elementor-element elementor-element-06d8920 elementor-widget elementor-widget-text-editor\" data-id=\"06d8920\" data-element_type=\"widget\" data-e-type=\"widget\" data-widget_type=\"text-editor.default\">\n\t\t\t\t<div class=\"elementor-widget-container\">\n\t\t\t\t\t\t\t\t\t<ul><li>\u00a0wsparcia w procesie wypracowania stabilnych struktur zintegrowanego oraz integruj\u0105cego systemu promocji zdrowia w poszczeg\u00f3lnych spolecznosciach i powiatach<\/li><\/ul>\t\t\t\t\t\t\t\t<\/div>\n\t\t\t\t<\/div>\n\t\t\t\t\t<\/div>\n\t\t<\/div>\n\t\t\t\t<div class=\"elementor-column elementor-col-33 elementor-top-column elementor-element elementor-element-741a62d\" data-id=\"741a62d\" data-element_type=\"column\" data-e-type=\"column\">\n\t\t\t<div class=\"elementor-widget-wrap elementor-element-populated\">\n\t\t\t\t\t\t<div class=\"elementor-element elementor-element-a736f03 elementor-widget elementor-widget-text-editor\" data-id=\"a736f03\" data-element_type=\"widget\" data-e-type=\"widget\" data-widget_type=\"text-editor.default\">\n\t\t\t\t<div class=\"elementor-widget-container\">\n\t\t\t\t\t\t\t\t\t<ul><li>doradztwo w zakresie opieki dla wymagaj\u0105cych jej pracownik\u00f3w  przedsi\u0119biorstw oraz dla pracodawc\u00f3w b\u0119d\u0105cych jednostkami samorz\u0105du lub instytucjami publicznymi<\/li><\/ul>\t\t\t\t\t\t\t\t<\/div>\n\t\t\t\t<\/div>\n\t\t\t\t\t<\/div>\n\t\t<\/div>\n\t\t\t\t\t<\/div>\n\t\t<\/section>\n\t\t\t\t<section class=\"elementor-section elementor-top-section elementor-element elementor-element-f07fc99 elementor-section-boxed elementor-section-height-default elementor-section-height-default\" data-id=\"f07fc99\" data-element_type=\"section\" data-e-type=\"section\">\n\t\t\t\t\t\t<div class=\"elementor-container elementor-column-gap-default\">\n\t\t\t\t\t<div class=\"elementor-column elementor-col-100 elementor-top-column elementor-element elementor-element-7c73578\" data-id=\"7c73578\" data-element_type=\"column\" data-e-type=\"column\">\n\t\t\t<div class=\"elementor-widget-wrap elementor-element-populated\">\n\t\t\t\t\t\t<div class=\"elementor-element elementor-element-bcd18a6 elementor-widget-divider--view-line elementor-widget elementor-widget-divider\" data-id=\"bcd18a6\" data-element_type=\"widget\" data-e-type=\"widget\" data-widget_type=\"divider.default\">\n\t\t\t\t<div class=\"elementor-widget-container\">\n\t\t\t\t\t\t\t<div class=\"elementor-divider\">\n\t\t\t<span class=\"elementor-divider-separator\">\n\t\t\t\t\t\t<\/span>\n\t\t<\/div>\n\t\t\t\t\t\t<\/div>\n\t\t\t\t<\/div>\n\t\t\t\t\t<\/div>\n\t\t<\/div>\n\t\t\t\t\t<\/div>\n\t\t<\/section>\n\t\t\t\t<\/div>","protected":false},"excerpt":{"rendered":"<p>Schwerpunkte Wir organisieren und begleiten Kooperationen, fachlichen Austausch, f\u00fchren Symposien und Konferenzen durch, beteiligen uns an Kongressen und agieren als Kompetenzpartner f\u00fcr deutsch-polnische Gesundheits- und Sozialthemen. Die\u00a0 Schwerpunkte unserer Arbeit liegen in den Bereichen\u00a0 Gesunde Lebenswelten und grenz\u00fcberschreitende \u00a0kommunale und<\/p>","protected":false},"author":1,"featured_media":0,"parent":0,"menu_order":0,"comment_status":"closed","ping_status":"closed","template":"","meta":{"footnotes":""},"class_list":["post-1753","page","type-page","status-publish","hentry"],"_links":{"self":[{"href":"https:\/\/dpgsv.de\/pl\/wp-json\/wp\/v2\/pages\/1753","targetHints":{"allow":["GET"]}}],"collection":[{"href":"https:\/\/dpgsv.de\/pl\/wp-json\/wp\/v2\/pages"}],"about":[{"href":"https:\/\/dpgsv.de\/pl\/wp-json\/wp\/v2\/types\/page"}],"author":[{"embeddable":true,"href":"https:\/\/dpgsv.de\/pl\/wp-json\/wp\/v2\/users\/1"}],"replies":[{"embeddable":true,"href":"https:\/\/dpgsv.de\/pl\/wp-json\/wp\/v2\/comments?post=1753"}],"version-history":[{"count":41,"href":"https:\/\/dpgsv.de\/pl\/wp-json\/wp\/v2\/pages\/1753\/revisions"}],"predecessor-version":[{"id":2017,"href":"https:\/\/dpgsv.de\/pl\/wp-json\/wp\/v2\/pages\/1753\/revisions\/2017"}],"wp:attachment":[{"href":"https:\/\/dpgsv.de\/pl\/wp-json\/wp\/v2\/media?parent=1753"}],"curies":[{"name":"wp","href":"https:\/\/api.w.org\/{rel}","templated":true}]}}